{"id":257,"date":"2025-06-13T13:35:45","date_gmt":"2025-06-13T11:35:45","guid":{"rendered":"https:\/\/public-anim.com\/?page_id=257"},"modified":"2025-06-13T13:38:19","modified_gmt":"2025-06-13T11:38:19","slug":"our-missions","status":"publish","type":"page","link":"https:\/\/public-anim.com\/en\/our-missions\/","title":{"rendered":"Our missions"},"content":{"rendered":"<div class=\"oxy-container-223-105 oxy-container w-full section-testimonials\"><div class=\"oxy-container-223-106 oxy-container max-w\"><div class=\"bde-columns-223-107 bde-columns\"><div class=\"bde-column-223-108 bde-column\">\n  \n  \n\t\n\n\n\n<div class=\"oxy-container-223-129 oxy-container mb-2\"><h2 class=\"oxy-text-223-109 oxy-text h2-highlighter mb-2\">\n<em>Our customers<\/em> tell us how satisfied they are.\n<\/h2><\/div>\n<\/div><div class=\"bde-column-223-110 bde-column\">\n  \n  \n\t\n\n\n\n\n<\/div><\/div><\/div><div class=\"bde-grid-223-111 bde-grid grid-1 max-w\">\n  \n  \n\t\n\n\n\n<div class=\"oxy-container-223-112 oxy-container testimonial-stars\"><div class=\"bde-star-rating-223-113 bde-star-rating star-rating-1\">\n\n\n\n  <div class='bde-star-rating__wrapper'>\n    <svg xmlns=\"http:\/\/www.w3.org\/2000\/svg\" ifill=\"currentColor\" d=\"icon-star-full\" viewbox=\"0 0 32 32\"><path d=\"M32 12.408l-11.056-1.607-4.944-10.018-4.944 10.018-11.056 1.607 8 7.798-1.889 11.011 9.889-5.199 9.889 5.199-1.889-11.011 8-7.798z\"><\/path><\/svg>\n    <svg xmlns=\"http:\/\/www.w3.org\/2000\/svg\" ifill=\"currentColor\" d=\"icon-star-full\" viewbox=\"0 0 32 32\"><path d=\"M32 12.408l-11.056-1.607-4.944-10.018-4.944 10.018-11.056 1.607 8 7.798-1.889 11.011 9.889-5.199 9.889 5.199-1.889-11.011 8-7.798z\"><\/path><\/svg>\n    <svg xmlns=\"http:\/\/www.w3.org\/2000\/svg\" ifill=\"currentColor\" d=\"icon-star-full\" viewbox=\"0 0 32 32\"><path d=\"M32 12.408l-11.056-1.607-4.944-10.018-4.944 10.018-11.056 1.607 8 7.798-1.889 11.011 9.889-5.199 9.889 5.199-1.889-11.011 8-7.798z\"><\/path><\/svg>\n    <svg xmlns=\"http:\/\/www.w3.org\/2000\/svg\" ifill=\"currentColor\" d=\"icon-star-full\" viewbox=\"0 0 32 32\"><path d=\"M32 12.408l-11.056-1.607-4.944-10.018-4.944 10.018-11.056 1.607 8 7.798-1.889 11.011 9.889-5.199 9.889 5.199-1.889-11.011 8-7.798z\"><\/path><\/svg>\n    <svg xmlns=\"http:\/\/www.w3.org\/2000\/svg\" ifill=\"currentColor\" d=\"icon-star-full\" viewbox=\"0 0 32 32\"><path d=\"M32 12.408l-11.056-1.607-4.944-10.018-4.944 10.018-11.056 1.607 8 7.798-1.889 11.011 9.889-5.199 9.889 5.199-1.889-11.011 8-7.798z\"><\/path><\/svg>\n  <\/div>\n\n\n\n<svg width=\"0\" height=\"0\">\n<lineargradient id=\"starhalf113\" x1=\"0\" x2=\"100%\" y1=\"0\" y2=\"0\">\n        <stop offset=\"0%\" stop-color=\"orange\"><\/stop>\n \t\t<stop offset=\"0%\" stop-color=\"lightgrey\"><\/stop>\n<\/lineargradient>\n<\/svg>\n\n<\/div><h3 class=\"oxy-text-223-114 oxy-text h3-blue\">\n<font color=\"#000000\">\"As a<\/font> <em>purchasing manager<\/em>, <font color=\"#000000\">I'm delighted to be working with Public Anim on my in-store events.\"<\/font> \n<\/h3><p class=\"oxy-text-223-115 oxy-text text-nom-prenom\">\nChristophe\n<\/p><div class=\"oxy-text-223-116 oxy-text text-fonction\">\nPurchasing Manager - NZ\n<\/div><\/div><div class=\"oxy-container-223-118 oxy-container testimonial-stars\"><div class=\"bde-star-rating-223-144 bde-star-rating star-rating-1\">\n\n\n\n  <div class='bde-star-rating__wrapper'>\n    <svg xmlns=\"http:\/\/www.w3.org\/2000\/svg\" ifill=\"currentColor\" d=\"icon-star-full\" viewbox=\"0 0 32 32\"><path d=\"M32 12.408l-11.056-1.607-4.944-10.018-4.944 10.018-11.056 1.607 8 7.798-1.889 11.011 9.889-5.199 9.889 5.199-1.889-11.011 8-7.798z\"><\/path><\/svg>\n    <svg xmlns=\"http:\/\/www.w3.org\/2000\/svg\" ifill=\"currentColor\" d=\"icon-star-full\" viewbox=\"0 0 32 32\"><path d=\"M32 12.408l-11.056-1.607-4.944-10.018-4.944 10.018-11.056 1.607 8 7.798-1.889 11.011 9.889-5.199 9.889 5.199-1.889-11.011 8-7.798z\"><\/path><\/svg>\n    <svg xmlns=\"http:\/\/www.w3.org\/2000\/svg\" ifill=\"currentColor\" d=\"icon-star-full\" viewbox=\"0 0 32 32\"><path d=\"M32 12.408l-11.056-1.607-4.944-10.018-4.944 10.018-11.056 1.607 8 7.798-1.889 11.011 9.889-5.199 9.889 5.199-1.889-11.011 8-7.798z\"><\/path><\/svg>\n    <svg xmlns=\"http:\/\/www.w3.org\/2000\/svg\" ifill=\"currentColor\" d=\"icon-star-full\" viewbox=\"0 0 32 32\"><path d=\"M32 12.408l-11.056-1.607-4.944-10.018-4.944 10.018-11.056 1.607 8 7.798-1.889 11.011 9.889-5.199 9.889 5.199-1.889-11.011 8-7.798z\"><\/path><\/svg>\n    <svg xmlns=\"http:\/\/www.w3.org\/2000\/svg\" ifill=\"currentColor\" d=\"icon-star-full\" viewbox=\"0 0 32 32\"><path d=\"M32 12.408l-11.056-1.607-4.944-10.018-4.944 10.018-11.056 1.607 8 7.798-1.889 11.011 9.889-5.199 9.889 5.199-1.889-11.011 8-7.798z\"><\/path><\/svg>\n  <\/div>\n\n\n\n<svg width=\"0\" height=\"0\">\n<lineargradient id=\"starhalf144\" x1=\"0\" x2=\"100%\" y1=\"0\" y2=\"0\">\n        <stop offset=\"0%\" stop-color=\"orange\"><\/stop>\n \t\t<stop offset=\"0%\" stop-color=\"lightgrey\"><\/stop>\n<\/lineargradient>\n<\/svg>\n\n<\/div><h3 class=\"oxy-text-223-120 oxy-text h3-blue\">\n\"The Public Anim team<font color=\"#000000\"> has created a real <\/font><em>animation concept<\/em> <font color=\"#000000\"> who delighted us in store for the festive season\".<\/font>\n<\/h3><p class=\"oxy-text-223-121 oxy-text text-nom-prenom\">\nPhilippe\n<\/p><div class=\"oxy-text-223-122 oxy-text text-fonction\">\nStore Manager Monoprix Montparnasse\n<\/div><\/div><div class=\"oxy-container-223-123 oxy-container testimonial-stars\"><div class=\"bde-star-rating-223-145 bde-star-rating star-rating-1\">\n\n\n\n  <div class='bde-star-rating__wrapper'>\n    <svg xmlns=\"http:\/\/www.w3.org\/2000\/svg\" ifill=\"currentColor\" d=\"icon-star-full\" viewbox=\"0 0 32 32\"><path d=\"M32 12.408l-11.056-1.607-4.944-10.018-4.944 10.018-11.056 1.607 8 7.798-1.889 11.011 9.889-5.199 9.889 5.199-1.889-11.011 8-7.798z\"><\/path><\/svg>\n    <svg xmlns=\"http:\/\/www.w3.org\/2000\/svg\" ifill=\"currentColor\" d=\"icon-star-full\" viewbox=\"0 0 32 32\"><path d=\"M32 12.408l-11.056-1.607-4.944-10.018-4.944 10.018-11.056 1.607 8 7.798-1.889 11.011 9.889-5.199 9.889 5.199-1.889-11.011 8-7.798z\"><\/path><\/svg>\n    <svg xmlns=\"http:\/\/www.w3.org\/2000\/svg\" ifill=\"currentColor\" d=\"icon-star-full\" viewbox=\"0 0 32 32\"><path d=\"M32 12.408l-11.056-1.607-4.944-10.018-4.944 10.018-11.056 1.607 8 7.798-1.889 11.011 9.889-5.199 9.889 5.199-1.889-11.011 8-7.798z\"><\/path><\/svg>\n    <svg xmlns=\"http:\/\/www.w3.org\/2000\/svg\" ifill=\"currentColor\" d=\"icon-star-full\" viewbox=\"0 0 32 32\"><path d=\"M32 12.408l-11.056-1.607-4.944-10.018-4.944 10.018-11.056 1.607 8 7.798-1.889 11.011 9.889-5.199 9.889 5.199-1.889-11.011 8-7.798z\"><\/path><\/svg>\n    <svg xmlns=\"http:\/\/www.w3.org\/2000\/svg\" ifill=\"currentColor\" d=\"icon-star-full\" viewbox=\"0 0 32 32\"><path d=\"M32 12.408l-11.056-1.607-4.944-10.018-4.944 10.018-11.056 1.607 8 7.798-1.889 11.011 9.889-5.199 9.889 5.199-1.889-11.011 8-7.798z\"><\/path><\/svg>\n  <\/div>\n\n\n\n<svg width=\"0\" height=\"0\">\n<lineargradient id=\"starhalf145\" x1=\"0\" x2=\"100%\" y1=\"0\" y2=\"0\">\n        <stop offset=\"0%\" stop-color=\"orange\"><\/stop>\n \t\t<stop offset=\"0%\" stop-color=\"lightgrey\"><\/stop>\n<\/lineargradient>\n<\/svg>\n\n<\/div><h3 class=\"oxy-text-223-125 oxy-text h3-blue\">\n<font color=\"#000000\">\"Our town council is delighted to be working with the teams from<\/font> <em>Public Anim<\/em> <font color=\"#000000\">on our public events\".<\/font>\n<\/h3><p class=\"oxy-text-223-126 oxy-text text-nom-prenom\">\nEva\n<\/p><div class=\"oxy-text-223-127 oxy-text text-fonction\">\nGeneral Services Manager - Town Hall\n<\/div><\/div>\n<\/div><\/div>\n\n<div class=\"oxy-container-109-100 oxy-container container-hero-inverse\"><div class=\"oxy-container-109-101 oxy-container max-w\"><div class=\"bde-columns-109-102 bde-columns\"><div class=\"bde-column-109-107 bde-column\">\n  \n  \n\t\n\n\n\n<img decoding=\"async\" class=\"oxy-image-109-109 oxy-image img-section-hero\" src=\"https:\/\/public-anim.com\/wp-content\/uploads\/2025\/04\/pexels-eduardo-holanda-37402817-31359585.jpg\" loading=\"lazy\" srcset=\"https:\/\/public-anim.com\/wp-content\/uploads\/2025\/04\/pexels-eduardo-holanda-37402817-31359585.jpg 640w, https:\/\/public-anim.com\/wp-content\/uploads\/2025\/04\/pexels-eduardo-holanda-37402817-31359585-240x300.jpg 240w\" sizes=\"(max-width: 640px) 100vw, 640px\">\n<\/div><div class=\"bde-column-109-103 bde-column\">\n  \n  \n\t\n\n\n\n<div class=\"oxy-container-109-110 oxy-container container-col-left-hero\"><h1 class=\"oxy-text-109-104 oxy-text h2-black\">\nMain title\n<\/h1><p class=\"oxy-text-109-105 oxy-text paragraphe color-black\">\nuiqhdiqubzdubiqzdiuybqzdiu\n<\/p><\/div>\n<\/div><\/div><\/div><\/div>","protected":false},"excerpt":{"rendered":"<p>Nos clients nous t\u00e9moignent leur satisfaction. \u00ab\u00a0En tant que directeur des achats, je suis ravi de collaborer avec Public Anim sur mes animations magasins.\u00a0\u00bb Christophe Directeur des achats &#8211; NZ \u00ab\u00a0L&rsquo;\u00e9quipe de Public Anim a cr\u00e9\u00e9 un vrai concept d&rsquo;animation qui nous a enchant\u00e9 les f\u00eates de fin d&rsquo;ann\u00e9e en magasin\u00a0\u00bb. Philippe Chef Magasin Monoprix [&hellip;]<\/p>\n","protected":false},"author":2,"featured_media":0,"parent":0,"menu_order":0,"comment_status":"closed","ping_status":"closed","template":"","meta":{"_acf_changed":false,"_oxygen_hide_in_design_set":false,"_oxygen_tags":"","footnotes":""},"class_list":["post-257","page","type-page","status-publish","hentry"],"acf":[],"yoast_head":"<!-- This site is optimized with the Yoast SEO plugin v26.9 - https:\/\/yoast.com\/product\/yoast-seo-wordpress\/ -->\n<title>Nos missions - Public Anim<\/title>\n<meta name=\"robots\" content=\"index, follow, max-snippet:-1, max-image-preview:large, max-video-preview:-1\" \/>\n<link rel=\"canonical\" href=\"https:\/\/public-anim.com\/en\/our-missions\/\" \/>\n<meta property=\"og:locale\" content=\"en_US\" \/>\n<meta property=\"og:type\" content=\"article\" \/>\n<meta property=\"og:title\" content=\"Nos missions - Public Anim\" \/>\n<meta property=\"og:description\" content=\"Nos clients nous t\u00e9moignent leur satisfaction. &quot;En tant que directeur des achats, je suis ravi de collaborer avec Public Anim sur mes animations magasins.&quot; Christophe Directeur des achats - NZ &quot;L&#039;\u00e9quipe de Public Anim a cr\u00e9\u00e9 un vrai concept d&#039;animation qui nous a enchant\u00e9 les f\u00eates de fin d&#039;ann\u00e9e en magasin&quot;. Philippe Chef Magasin Monoprix [&hellip;]\" \/>\n<meta property=\"og:url\" content=\"https:\/\/public-anim.com\/en\/our-missions\/\" \/>\n<meta property=\"og:site_name\" content=\"Public Anim\" \/>\n<meta property=\"article:modified_time\" content=\"2025-06-13T11:38:19+00:00\" \/>\n<meta name=\"twitter:card\" content=\"summary_large_image\" \/>\n<script type=\"application\/ld+json\" class=\"yoast-schema-graph\">{\"@context\":\"https:\/\/schema.org\",\"@graph\":[{\"@type\":\"WebPage\",\"@id\":\"https:\/\/public-anim.com\/nos-missions\/\",\"url\":\"https:\/\/public-anim.com\/nos-missions\/\",\"name\":\"Nos missions - Public Anim\",\"isPartOf\":{\"@id\":\"https:\/\/public-anim.com\/#website\"},\"datePublished\":\"2025-06-13T11:35:45+00:00\",\"dateModified\":\"2025-06-13T11:38:19+00:00\",\"breadcrumb\":{\"@id\":\"https:\/\/public-anim.com\/nos-missions\/#breadcrumb\"},\"inLanguage\":\"en-US\",\"potentialAction\":[{\"@type\":\"ReadAction\",\"target\":[\"https:\/\/public-anim.com\/nos-missions\/\"]}]},{\"@type\":\"BreadcrumbList\",\"@id\":\"https:\/\/public-anim.com\/nos-missions\/#breadcrumb\",\"itemListElement\":[{\"@type\":\"ListItem\",\"position\":1,\"name\":\"Accueil\",\"item\":\"https:\/\/public-anim.com\/\"},{\"@type\":\"ListItem\",\"position\":2,\"name\":\"Nos missions\"}]},{\"@type\":\"WebSite\",\"@id\":\"https:\/\/public-anim.com\/#website\",\"url\":\"https:\/\/public-anim.com\/\",\"name\":\"Public Anim\",\"description\":\"Expert animations\",\"potentialAction\":[{\"@type\":\"SearchAction\",\"target\":{\"@type\":\"EntryPoint\",\"urlTemplate\":\"https:\/\/public-anim.com\/?s={search_term_string}\"},\"query-input\":{\"@type\":\"PropertyValueSpecification\",\"valueRequired\":true,\"valueName\":\"search_term_string\"}}],\"inLanguage\":\"en-US\"}]}<\/script>\n<!-- \/ Yoast SEO plugin. -->","yoast_head_json":{"title":"Our missions - Public Anim","robots":{"index":"index","follow":"follow","max-snippet":"max-snippet:-1","max-image-preview":"max-image-preview:large","max-video-preview":"max-video-preview:-1"},"canonical":"https:\/\/public-anim.com\/en\/our-missions\/","og_locale":"en_US","og_type":"article","og_title":"Nos missions - Public Anim","og_description":"Nos clients nous t\u00e9moignent leur satisfaction. \"En tant que directeur des achats, je suis ravi de collaborer avec Public Anim sur mes animations magasins.\" Christophe Directeur des achats - NZ \"L'\u00e9quipe de Public Anim a cr\u00e9\u00e9 un vrai concept d'animation qui nous a enchant\u00e9 les f\u00eates de fin d'ann\u00e9e en magasin\". Philippe Chef Magasin Monoprix [&hellip;]","og_url":"https:\/\/public-anim.com\/en\/our-missions\/","og_site_name":"Public Anim","article_modified_time":"2025-06-13T11:38:19+00:00","twitter_card":"summary_large_image","schema":{"@context":"https:\/\/schema.org","@graph":[{"@type":"WebPage","@id":"https:\/\/public-anim.com\/nos-missions\/","url":"https:\/\/public-anim.com\/nos-missions\/","name":"Our missions - Public Anim","isPartOf":{"@id":"https:\/\/public-anim.com\/#website"},"datePublished":"2025-06-13T11:35:45+00:00","dateModified":"2025-06-13T11:38:19+00:00","breadcrumb":{"@id":"https:\/\/public-anim.com\/nos-missions\/#breadcrumb"},"inLanguage":"en-US","potentialAction":[{"@type":"ReadAction","target":["https:\/\/public-anim.com\/nos-missions\/"]}]},{"@type":"BreadcrumbList","@id":"https:\/\/public-anim.com\/nos-missions\/#breadcrumb","itemListElement":[{"@type":"ListItem","position":1,"name":"Accueil","item":"https:\/\/public-anim.com\/"},{"@type":"ListItem","position":2,"name":"Nos missions"}]},{"@type":"WebSite","@id":"https:\/\/public-anim.com\/#website","url":"https:\/\/public-anim.com\/","name":"Public Anim","description":"Expert animations","potentialAction":[{"@type":"SearchAction","target":{"@type":"EntryPoint","urlTemplate":"https:\/\/public-anim.com\/?s={search_term_string}"},"query-input":{"@type":"PropertyValueSpecification","valueRequired":true,"valueName":"search_term_string"}}],"inLanguage":"en-US"}]}},"_links":{"self":[{"href":"https:\/\/public-anim.com\/en\/wp-json\/wp\/v2\/pages\/257","targetHints":{"allow":["GET"]}}],"collection":[{"href":"https:\/\/public-anim.com\/en\/wp-json\/wp\/v2\/pages"}],"about":[{"href":"https:\/\/public-anim.com\/en\/wp-json\/wp\/v2\/types\/page"}],"author":[{"embeddable":true,"href":"https:\/\/public-anim.com\/en\/wp-json\/wp\/v2\/users\/2"}],"replies":[{"embeddable":true,"href":"https:\/\/public-anim.com\/en\/wp-json\/wp\/v2\/comments?post=257"}],"version-history":[{"count":4,"href":"https:\/\/public-anim.com\/en\/wp-json\/wp\/v2\/pages\/257\/revisions"}],"predecessor-version":[{"id":261,"href":"https:\/\/public-anim.com\/en\/wp-json\/wp\/v2\/pages\/257\/revisions\/261"}],"wp:attachment":[{"href":"https:\/\/public-anim.com\/en\/wp-json\/wp\/v2\/media?parent=257"}],"curies":[{"name":"wp","href":"https:\/\/api.w.org\/{rel}","templated":true}]}}