{"id":264,"date":"2025-06-13T13:43:27","date_gmt":"2025-06-13T11:43:27","guid":{"rendered":"https:\/\/public-anim.com\/?page_id=264"},"modified":"2025-07-17T16:12:13","modified_gmt":"2025-07-17T14:12:13","slug":"store-opening","status":"publish","type":"page","link":"https:\/\/public-anim.com\/en\/store-opening\/","title":{"rendered":"Store opening"},"content":{"rendered":"<div class=\"oxy-container-35-100 oxy-container div-hero\"><div class=\"oxy-container-35-101 oxy-container max-w div-hero-background\"><div class=\"bde-columns-35-102 bde-columns\"><div class=\"bde-column-35-103 bde-column\">\n  \n  \n\t\n\n\n\n<div class=\"oxy-container-35-146 oxy-container container-center\"><div class=\"oxy-container-35-110 oxy-container container-col-left-hero\"><h2 class=\"oxy-text-35-111 oxy-text H2-white\">\nLorem Ipsum has been the industry's standard dummy text ever sinc. \n<\/h2><div class=\"oxy-container-35-148 oxy-container flex-quote\"><img decoding=\"async\" class=\"oxy-image-35-147 oxy-image logo-quote-hero\" src=\"https:\/\/public-anim.com\/wp-content\/uploads\/2025\/10\/PUBLIC-ANIM_LOGO-PUBLIC-ANIM-MONOGRAMME-BLANC.png\" loading=\"lazy\" srcset=\"https:\/\/public-anim.com\/wp-content\/uploads\/2025\/10\/PUBLIC-ANIM_LOGO-PUBLIC-ANIM-MONOGRAMME-BLANC.png 520w, https:\/\/public-anim.com\/wp-content\/uploads\/2025\/10\/PUBLIC-ANIM_LOGO-PUBLIC-ANIM-MONOGRAMME-BLANC-203x300.png 203w\" sizes=\"(max-width: 520px) 100vw, 520px\"><h1 class=\"oxy-text-35-104 oxy-text h1-blue\">\n\"I want it to be a party!\"\n<\/h1><\/div><p class=\"oxy-text-35-105 oxy-text paragraphe\">\n- Key words to work on: English animator\/ blindtest animator\/ Monsieur Loyal.<br>    - Keywords sites public-anim : corporate evening, event organization, event agency, evening, provider, guests, event communication, dinner, your budget, corporate evening, cohesion, atypical, event agencies, cocktails, events, event project, corporate events, caterers, invitations, cocktail dinner, corporate event, sound, business event, weddings, private events, event measurement, business tourism, logistics, event company, corporate seminar, turnkey, gala evening, corporate, organize your events, organize events, event organization, public relations, event evenings, party organization.          <br>        - Dominique Lowe's website: Microphone \/ Festivities \/ Triathlon. Marathon, Sportifs, Triathlon, sports events, podium, athletics, swimming, alpine, French championship, nordic, events, rugby, athlete, champions, championships, French federation, volleyball, awards ceremony, mountain bike, medical certificate, handball, field hockey, sports association, disability, rdv, kayak, world championships, bibs, sports activities, major events, medals, events agency, tournaments, alpine skiing, bib, trade fairs, public relations<br>        - Stores : Street-marketing Animation commerciale Agence de communication : creativity, visual identity, media, visual, events, , point of sale, street marketing, points of sale, shopper, advertising signs, flyers, guerrilla, media, advertising, guerrilla marketing targets, brand image, visuals, advertising, your image, posters, digital, e-commerce, visual communication, targeting, retail, communication strategy, events, attract attention, digital marketing, distribute, communication agency, communication plan, marketing communication, digital communication, plv, reactivity, marketing strategy, branding, fitness, communication campaign, retail, communication tools, just opened, logos, inauguration, flyers, galleries, creative, creative, new product, prospects, influencers, on social networks, channels, awareness, influencers, on social networks, prospects, brand awareness, potential customers, social media, media, build loyalty, develop your brand awareness, digital strategy, levers, inbound marketing communication strategy, editorial<br>                - Team Building: escape game, escape, cohesion, team building, team spirit, seminar, seminars, team building, federate, fun, motivate, friendly, group cohesion, unusual, original, weld, teamwork, thrills, tastings, riddles, leadership, company party, group dynamics, seminar organization.\n<\/p><div class=\"oxy-container-35-117 oxy-container container-2-btn\"><a class=\"oxy-text-link-35-106 oxy-text-link btn-1\" href=\"https:\/\/oxygenbuilder.com\/\" target=\"_self\">\nContact us!\n<\/a><a class=\"oxy-text-link-35-119 oxy-text-link btn-2\" href=\"https:\/\/oxygenbuilder.com\/\" target=\"_self\">\nContact us!\n<\/a><\/div><\/div><\/div>\n<\/div><div class=\"bde-column-35-123 bde-column\">\n  \n  \n\t\n\n\n\n<img decoding=\"async\" class=\"oxy-image-35-145 oxy-image img-hero\" src=\"https:\/\/public-anim.com\/wp-content\/uploads\/2025\/04\/animation-color-run-mairie-scaled.jpg\" alt=\"A crowd of people throw the powder of several colors during a Team Building event.\" loading=\"lazy\" srcset=\"https:\/\/public-anim.com\/wp-content\/uploads\/2025\/04\/animation-color-run-mairie-scaled.jpg 2560w, https:\/\/public-anim.com\/wp-content\/uploads\/2025\/04\/animation-color-run-mairie-300x225.jpg 300w, https:\/\/public-anim.com\/wp-content\/uploads\/2025\/04\/animation-color-run-mairie-1024x768.jpg 1024w, https:\/\/public-anim.com\/wp-content\/uploads\/2025\/04\/animation-color-run-mairie-768x576.jpg 768w, https:\/\/public-anim.com\/wp-content\/uploads\/2025\/04\/animation-color-run-mairie-1536x1152.jpg 1536w, https:\/\/public-anim.com\/wp-content\/uploads\/2025\/04\/animation-color-run-mairie-2048x1536.jpg 2048w\" sizes=\"(max-width: 2560px) 100vw, 2560px\">\n<\/div><\/div><\/div><\/div>","protected":false},"excerpt":{"rendered":"<p>Lorem Ipsum has been the industry&rsquo;s standard dummy text ever sinc. \u00ab\u00a0Je veux que ce soit la f\u00eate !\u00a0\u00bb &#8211; Mots cl\u00e9s \u00e0 travailler : animateur en anglais\/ animateur blindtest\/ Monsieur Loyal. &#8211; Mots cl\u00e9s sites public-anim : Soir\u00e9e d entreprise, Organisation d\u2019\u00e9v\u00e9nements, agence \u00e9v\u00e9nementielle, Soir\u00e9e, Prestataire, Convives, Communication \u00e9v\u00e9nementielle, Dinatoire, Votre budget, Soir\u00e9es d\u2019entreprises, [&hellip;]<\/p>\n","protected":false},"author":2,"featured_media":0,"parent":0,"menu_order":0,"comment_status":"closed","ping_status":"closed","template":"","meta":{"_acf_changed":false,"_oxygen_hide_in_design_set":false,"_oxygen_tags":"","footnotes":""},"class_list":["post-264","page","type-page","status-publish","hentry"],"acf":[],"yoast_head":"<!-- This site is optimized with the Yoast SEO plugin v26.9 - https:\/\/yoast.com\/product\/yoast-seo-wordpress\/ -->\n<title>Ouverture de magasin - Public Anim<\/title>\n<meta name=\"robots\" content=\"index, follow, max-snippet:-1, max-image-preview:large, max-video-preview:-1\" \/>\n<link rel=\"canonical\" href=\"https:\/\/public-anim.com\/en\/store-opening\/\" \/>\n<meta property=\"og:locale\" content=\"en_US\" \/>\n<meta property=\"og:type\" content=\"article\" \/>\n<meta property=\"og:title\" content=\"Ouverture de magasin - Public Anim\" \/>\n<meta property=\"og:description\" content=\"Lorem Ipsum has been the industry&#039;s standard dummy text ever sinc. &quot;Je veux que ce soit la f\u00eate !&quot; - Mots cl\u00e9s \u00e0 travailler : animateur en anglais\/ animateur blindtest\/ Monsieur Loyal. - Mots cl\u00e9s sites public-anim : Soir\u00e9e d entreprise, Organisation d\u2019\u00e9v\u00e9nements, agence \u00e9v\u00e9nementielle, Soir\u00e9e, Prestataire, Convives, Communication \u00e9v\u00e9nementielle, Dinatoire, Votre budget, Soir\u00e9es d\u2019entreprises, [&hellip;]\" \/>\n<meta property=\"og:url\" content=\"https:\/\/public-anim.com\/en\/store-opening\/\" \/>\n<meta property=\"og:site_name\" content=\"Public Anim\" \/>\n<meta property=\"article:modified_time\" content=\"2025-07-17T14:12:13+00:00\" \/>\n<meta name=\"twitter:card\" content=\"summary_large_image\" \/>\n<script type=\"application\/ld+json\" class=\"yoast-schema-graph\">{\"@context\":\"https:\/\/schema.org\",\"@graph\":[{\"@type\":\"WebPage\",\"@id\":\"https:\/\/public-anim.com\/ouverture-de-magasin\/\",\"url\":\"https:\/\/public-anim.com\/ouverture-de-magasin\/\",\"name\":\"Ouverture de magasin - Public Anim\",\"isPartOf\":{\"@id\":\"https:\/\/public-anim.com\/#website\"},\"datePublished\":\"2025-06-13T11:43:27+00:00\",\"dateModified\":\"2025-07-17T14:12:13+00:00\",\"breadcrumb\":{\"@id\":\"https:\/\/public-anim.com\/ouverture-de-magasin\/#breadcrumb\"},\"inLanguage\":\"en-US\",\"potentialAction\":[{\"@type\":\"ReadAction\",\"target\":[\"https:\/\/public-anim.com\/ouverture-de-magasin\/\"]}]},{\"@type\":\"BreadcrumbList\",\"@id\":\"https:\/\/public-anim.com\/ouverture-de-magasin\/#breadcrumb\",\"itemListElement\":[{\"@type\":\"ListItem\",\"position\":1,\"name\":\"Accueil\",\"item\":\"https:\/\/public-anim.com\/\"},{\"@type\":\"ListItem\",\"position\":2,\"name\":\"Ouverture de magasin\"}]},{\"@type\":\"WebSite\",\"@id\":\"https:\/\/public-anim.com\/#website\",\"url\":\"https:\/\/public-anim.com\/\",\"name\":\"Public Anim\",\"description\":\"Expert animations\",\"potentialAction\":[{\"@type\":\"SearchAction\",\"target\":{\"@type\":\"EntryPoint\",\"urlTemplate\":\"https:\/\/public-anim.com\/?s={search_term_string}\"},\"query-input\":{\"@type\":\"PropertyValueSpecification\",\"valueRequired\":true,\"valueName\":\"search_term_string\"}}],\"inLanguage\":\"en-US\"}]}<\/script>\n<!-- \/ Yoast SEO plugin. -->","yoast_head_json":{"title":"Store opening - Public Anim","robots":{"index":"index","follow":"follow","max-snippet":"max-snippet:-1","max-image-preview":"max-image-preview:large","max-video-preview":"max-video-preview:-1"},"canonical":"https:\/\/public-anim.com\/en\/store-opening\/","og_locale":"en_US","og_type":"article","og_title":"Ouverture de magasin - Public Anim","og_description":"Lorem Ipsum has been the industry's standard dummy text ever sinc. \"Je veux que ce soit la f\u00eate !\" - Mots cl\u00e9s \u00e0 travailler : animateur en anglais\/ animateur blindtest\/ Monsieur Loyal. - Mots cl\u00e9s sites public-anim : Soir\u00e9e d entreprise, Organisation d\u2019\u00e9v\u00e9nements, agence \u00e9v\u00e9nementielle, Soir\u00e9e, Prestataire, Convives, Communication \u00e9v\u00e9nementielle, Dinatoire, Votre budget, Soir\u00e9es d\u2019entreprises, [&hellip;]","og_url":"https:\/\/public-anim.com\/en\/store-opening\/","og_site_name":"Public Anim","article_modified_time":"2025-07-17T14:12:13+00:00","twitter_card":"summary_large_image","schema":{"@context":"https:\/\/schema.org","@graph":[{"@type":"WebPage","@id":"https:\/\/public-anim.com\/ouverture-de-magasin\/","url":"https:\/\/public-anim.com\/ouverture-de-magasin\/","name":"Store opening - Public Anim","isPartOf":{"@id":"https:\/\/public-anim.com\/#website"},"datePublished":"2025-06-13T11:43:27+00:00","dateModified":"2025-07-17T14:12:13+00:00","breadcrumb":{"@id":"https:\/\/public-anim.com\/ouverture-de-magasin\/#breadcrumb"},"inLanguage":"en-US","potentialAction":[{"@type":"ReadAction","target":["https:\/\/public-anim.com\/ouverture-de-magasin\/"]}]},{"@type":"BreadcrumbList","@id":"https:\/\/public-anim.com\/ouverture-de-magasin\/#breadcrumb","itemListElement":[{"@type":"ListItem","position":1,"name":"Accueil","item":"https:\/\/public-anim.com\/"},{"@type":"ListItem","position":2,"name":"Ouverture de magasin"}]},{"@type":"WebSite","@id":"https:\/\/public-anim.com\/#website","url":"https:\/\/public-anim.com\/","name":"Public Anim","description":"Expert animations","potentialAction":[{"@type":"SearchAction","target":{"@type":"EntryPoint","urlTemplate":"https:\/\/public-anim.com\/?s={search_term_string}"},"query-input":{"@type":"PropertyValueSpecification","valueRequired":true,"valueName":"search_term_string"}}],"inLanguage":"en-US"}]}},"_links":{"self":[{"href":"https:\/\/public-anim.com\/en\/wp-json\/wp\/v2\/pages\/264","targetHints":{"allow":["GET"]}}],"collection":[{"href":"https:\/\/public-anim.com\/en\/wp-json\/wp\/v2\/pages"}],"about":[{"href":"https:\/\/public-anim.com\/en\/wp-json\/wp\/v2\/types\/page"}],"author":[{"embeddable":true,"href":"https:\/\/public-anim.com\/en\/wp-json\/wp\/v2\/users\/2"}],"replies":[{"embeddable":true,"href":"https:\/\/public-anim.com\/en\/wp-json\/wp\/v2\/comments?post=264"}],"version-history":[{"count":2,"href":"https:\/\/public-anim.com\/en\/wp-json\/wp\/v2\/pages\/264\/revisions"}],"predecessor-version":[{"id":300,"href":"https:\/\/public-anim.com\/en\/wp-json\/wp\/v2\/pages\/264\/revisions\/300"}],"wp:attachment":[{"href":"https:\/\/public-anim.com\/en\/wp-json\/wp\/v2\/media?parent=264"}],"curies":[{"name":"wp","href":"https:\/\/api.w.org\/{rel}","templated":true}]}}